{"id":26,"date":"2018-05-11T06:21:12","date_gmt":"2018-05-11T06:21:12","guid":{"rendered":"https:\/\/praxis-toepolt.de\/?page_id=26"},"modified":"2018-06-01T05:18:28","modified_gmt":"2018-06-01T05:18:28","slug":"sprechzeiten","status":"publish","type":"page","link":"https:\/\/praxis-toepolt.de\/index.php\/sprechzeiten\/","title":{"rendered":"Sprechzeiten"},"content":{"rendered":"<p style=\"text-align: left;\"><span style=\"color: #000080;\"><strong>Montag bis Freitag<\/strong><\/span><br \/>\n<span style=\"color: #000080;\"> 07.30 &#8211; 11.00 Uhr<\/span><\/p>\n<p style=\"text-align: left;\"><span style=\"color: #000080;\"><strong>Montag, Dienstag und Donnerstag<\/strong><\/span><br \/>\n<span style=\"color: #000080;\"> 15.00 &#8211; 18.00 Uhr<\/span><\/p>\n<p>&nbsp;<\/p>\n<p><span style=\"color: #000080;\">Au\u00dferhalb unserer Sprechzeiten, wie auch an Wochenenden und Feiertagen, wenden Sie sich bitte an den Kassen\u00e4rztlichen Bereitschaftsdienst (Tel.: 116117). Bei einem akuten Notfall w\u00e4hlen Sie die 112 (Rettungsleitstelle).<\/span><\/p>\n<p style=\"text-align: left;\"><span style=\"color: #000080;\">\u00a0<\/span><\/p>\n","protected":false},"excerpt":{"rendered":"<p>Montag bis Freitag 07.30 &#8211; 11.00 Uhr Montag, Dienstag und Donnerstag 15.00 &#8211; 18.00 Uhr &nbsp; Au\u00dferhalb unserer Sprechzeiten, wie auch an Wochenenden und Feiertagen, wenden Sie sich bitte an den Kassen\u00e4rztlichen Bereitschaftsdienst (Tel.: 116117). Bei einem akuten Notfall w\u00e4hlen Sie die 112 (Rettungsleitstelle). \u00a0<\/p>\n","protected":false},"author":1,"featured_media":0,"parent":0,"menu_order":0,"comment_status":"closed","ping_status":"closed","template":"","meta":[],"aioseo_notices":[],"_links":{"self":[{"href":"https:\/\/praxis-toepolt.de\/index.php\/wp-json\/wp\/v2\/pages\/26"}],"collection":[{"href":"https:\/\/praxis-toepolt.de\/index.php\/wp-json\/wp\/v2\/pages"}],"about":[{"href":"https:\/\/praxis-toepolt.de\/index.php\/wp-json\/wp\/v2\/types\/page"}],"author":[{"embeddable":true,"href":"https:\/\/praxis-toepolt.de\/index.php\/wp-json\/wp\/v2\/users\/1"}],"replies":[{"embeddable":true,"href":"https:\/\/praxis-toepolt.de\/index.php\/wp-json\/wp\/v2\/comments?post=26"}],"version-history":[{"count":12,"href":"https:\/\/praxis-toepolt.de\/index.php\/wp-json\/wp\/v2\/pages\/26\/revisions"}],"predecessor-version":[{"id":159,"href":"https:\/\/praxis-toepolt.de\/index.php\/wp-json\/wp\/v2\/pages\/26\/revisions\/159"}],"wp:attachment":[{"href":"https:\/\/praxis-toepolt.de\/index.php\/wp-json\/wp\/v2\/media?parent=26"}],"curies":[{"name":"wp","href":"https:\/\/api.w.org\/{rel}","templated":true}]}}