{"id":39,"date":"2018-05-11T07:34:41","date_gmt":"2018-05-11T07:34:41","guid":{"rendered":"https:\/\/praxis-toepolt.de\/?page_id=39"},"modified":"2024-03-15T12:01:14","modified_gmt":"2024-03-15T12:01:14","slug":"unser-team","status":"publish","type":"page","link":"https:\/\/praxis-toepolt.de\/index.php\/unser-team\/","title":{"rendered":"Unser Team"},"content":{"rendered":"<p><span style=\"color: #000080;\"><strong>\u00c4rzte<\/strong><\/span><br \/>\n<span style=\"color: #000080;\"> Dr. med. Birgit T\u00f6polt<br \/>\n(Fach\u00e4rztin f\u00fcr Innere Medizin, Naturheilverfahren, haus\u00e4rztliche Versorgung)<\/span><br \/>\n<span style=\"color: #000080;\"> Dr. med. Thomas T\u00f6polt<br \/>\n(Facharzt f\u00fcr Innere Medizin, Kardiologie, haus\u00e4rztliche Versorgung)\u00a0<\/span><\/p>\n<p><span style=\"color: #000080;\">Dr. med. Kirsti Schilling \u00a0 \u00a0 <\/span><span style=\"color: #000080;\">\u00c4rztin in Weiterbildung<\/span><\/p>\n<p><strong><span style=\"color: #000080;\">\u00a0<\/span><\/strong><span style=\"color: #000080;\"><strong>\u00a0<\/strong> \u00a0 \u00a0 \u00a0 \u00a0 \u00a0 \u00a0 \u00a0 \u00a0 \u00a0 \u00a0 \u00a0 \u00a0 \u00a0 \u00a0 \u00a0 \u00a0 \u00a0 \u00a0 \u00a0 \u00a0 \u00a0 \u00a0 \u00a0 \u00a0 \u00a0 \u00a0 \u00a0 \u00a0 \u00a0 \u00a0 \u00a0 \u00a0\u00a0<\/span><\/p>\n<p><span style=\"color: #000080;\"> \u00a0 \u00a0 \u00a0 \u00a0 \u00a0\u00a0<\/span><\/p>\n<p><span style=\"color: #000080;\"><strong>Medizinisches Personal\u00a0<\/strong><\/span><\/p>\n<p><span style=\"color: #000080;\">Anja Wittig<\/span><br \/>\n<span style=\"color: #000080;\"> Barbara Thomschke<\/span><br \/>\n<span style=\"color: #000080;\"> Belinda Scheffler<\/span><br \/>\n<span style=\"color: #000080;\"> Marion Zschoge\u00a0 \u00a0 \u00a0 \u00a0 \u00a0 \u00a0 \u00a0 \u00a0 \u00a0 \u00a0 \u00a0 \u00a0 \u00a0 \u00a0 \u00a0 \u00a0 \u00a0 \u00a0 \u00a0 \u00a0 \u00a0 \u00a0 \u00a0 \u00a0 \u00a0 \u00a0 \u00a0 \u00a0 \u00a0 \u00a0 \u00a0 \u00a0 \u00a0 \u00a0 \u00a0 \u00a0 \u00a0 \u00a0 \u00a0 \u00a0 \u00a0 \u00a0 \u00a0 \u00a0 \u00a0 \u00a0 \u00a0 \u00a0 \u00a0 \u00a0 \u00a0 \u00a0 \u00a0 \u00a0 \u00a0 \u00a0 \u00a0 \u00a0 \u00a0 \u00a0 \u00a0 \u00a0 \u00a0 \u00a0 \u00a0 \u00a0 \u00a0 \u00a0 \u00a0 \u00a0 \u00a0 \u00a0 \u00a0 \u00a0 \u00a0 \u00a0 \u00a0 \u00a0 \u00a0 \u00a0 \u00a0 \u00a0 \u00a0\u00a0<\/span><\/p>\n","protected":false},"excerpt":{"rendered":"<p>\u00c4rzte Dr. med. Birgit T\u00f6polt (Fach\u00e4rztin f\u00fcr Innere Medizin, Naturheilverfahren, haus\u00e4rztliche Versorgung) Dr. med. Thomas T\u00f6polt (Facharzt f\u00fcr Innere Medizin, Kardiologie, haus\u00e4rztliche Versorgung)\u00a0 Dr. med. Kirsti Schilling \u00a0 \u00a0 \u00c4rztin in Weiterbildung \u00a0\u00a0 \u00a0 \u00a0 \u00a0 \u00a0 \u00a0 \u00a0 \u00a0 \u00a0 \u00a0 \u00a0 \u00a0 \u00a0 \u00a0 \u00a0 \u00a0 \u00a0 \u00a0 \u00a0 \u00a0 \u00a0 \u00a0 \u00a0 &hellip; <a href=\"https:\/\/praxis-toepolt.de\/index.php\/unser-team\/\" class=\"more-link\"><span class=\"screen-reader-text\">Unser Team<\/span> weiterlesen<\/a><\/p>\n","protected":false},"author":1,"featured_media":0,"parent":0,"menu_order":0,"comment_status":"closed","ping_status":"closed","template":"","meta":[],"aioseo_notices":[],"_links":{"self":[{"href":"https:\/\/praxis-toepolt.de\/index.php\/wp-json\/wp\/v2\/pages\/39"}],"collection":[{"href":"https:\/\/praxis-toepolt.de\/index.php\/wp-json\/wp\/v2\/pages"}],"about":[{"href":"https:\/\/praxis-toepolt.de\/index.php\/wp-json\/wp\/v2\/types\/page"}],"author":[{"embeddable":true,"href":"https:\/\/praxis-toepolt.de\/index.php\/wp-json\/wp\/v2\/users\/1"}],"replies":[{"embeddable":true,"href":"https:\/\/praxis-toepolt.de\/index.php\/wp-json\/wp\/v2\/comments?post=39"}],"version-history":[{"count":23,"href":"https:\/\/praxis-toepolt.de\/index.php\/wp-json\/wp\/v2\/pages\/39\/revisions"}],"predecessor-version":[{"id":555,"href":"https:\/\/praxis-toepolt.de\/index.php\/wp-json\/wp\/v2\/pages\/39\/revisions\/555"}],"wp:attachment":[{"href":"https:\/\/praxis-toepolt.de\/index.php\/wp-json\/wp\/v2\/media?parent=39"}],"curies":[{"name":"wp","href":"https:\/\/api.w.org\/{rel}","templated":true}]}}