{"id":43,"date":"2018-05-11T07:39:17","date_gmt":"2018-05-11T07:39:17","guid":{"rendered":"https:\/\/praxis-toepolt.de\/?page_id=43"},"modified":"2018-06-01T05:18:54","modified_gmt":"2018-06-01T05:18:54","slug":"impressum","status":"publish","type":"page","link":"https:\/\/praxis-toepolt.de\/index.php\/impressum\/","title":{"rendered":"Impressum"},"content":{"rendered":"<p><span style=\"color: #000080;\">Impressum<\/span><br \/>\n<span style=\"color: #000080;\"> Informationen gem\u00e4\u00df \u00a7 5 TMG<\/span><br \/>\n<span style=\"color: #000080;\"> Dr. med. Thomas T\u00f6polt<\/span><br \/>\n<span style=\"color: #000080;\"> Dr. med. Birgit T\u00f6polt<\/span><br \/>\n<span style=\"color: #000080;\"> Malterstra\u00dfe 45<\/span><br \/>\n<span style=\"color: #000080;\"> 01159 Dresden<\/span><\/p>\n<p><span style=\"color: #000080;\">Telefon: 0351-4121464<\/span><br \/>\n<span style=\"color: #000080;\"> Telefax: 0351-27293339<\/span><\/p>\n<p><span style=\"color: #000080;\">Gesetzliche Berufsbezeichnung: Arzt\/\u00c4rztin<\/span><br \/>\n<span style=\"color: #000080;\"> Berufsbezeichnung verliehen in der Bundesrepublik Deutschland<\/span><\/p>\n<p><span style=\"color: #000080;\">Zust\u00e4ndige \u00c4rztekammer:<\/span><br \/>\n<span style=\"color: #000080;\"> \u00c4rztekammer Bezirksgesch\u00e4ftsstelle Dresden, Sch\u00fctzenh\u00f6he 12, 01099 Dresden<\/span><\/p>\n<p><span style=\"color: #000080;\">Tel.: 0351-829050<\/span><\/p>\n<p><span style=\"color: #000080;\">Email: dresden@kvsachsen.de<\/span><\/p>\n<p><span style=\"color: #000080;\">Zust\u00e4ndige Kassen\u00e4rztliche Vereinigung:<\/span><br \/>\n<span style=\"color: #000080;\"> Kassen\u00e4rztliche Vereinigung Sachsen www.kvs-sachsen.de<\/span><\/p>\n<p><span style=\"color: #000080;\">Berufsrechtliche Regelungen:<\/span><br \/>\n<span style=\"color: #000080;\"> Die Berufsordnung ist zu beziehen, beziehungsweise einzusehen bei der zust\u00e4ndigen \u00c4rztekammer www.slaek.de \/<\/span><\/p>\n<p><span style=\"color: #000080;\">Haftungsausschluss (Disclaimer)<\/span><\/p>\n<p><span style=\"color: #000080;\">Haftung f\u00fcr Inhalte<\/span><br \/>\n<span style=\"color: #000080;\"> Als Diensteanbieter sind wir gem\u00e4\u00df \u00a7 7 Abs.1 TMG f\u00fcr eigene Inhalte auf diesen Seiten nach den allgemeinen Gesetzen verantwortlich.<\/span><br \/>\n<span style=\"color: #000080;\"> Nach \u00a7\u00a7 8 bis 10 TMG sind wir als Diensteanbieter jedoch nicht verpflichtet, \u00fcbermittelte oder gespeicherte fremde Informationen zu \u00fcberwachen<\/span><br \/>\n<span style=\"color: #000080;\"> oder nach Umst\u00e4nden zu forschen, die auf eine rechtswidrige T\u00e4tigkeit hinweisen. Verpflichtungen zur Entfernung oder Sperrung der Nutzung von<\/span><br \/>\n<span style=\"color: #000080;\"> Informationen nach den allgemeinen Gesetzen bleiben hiervon unber\u00fchrt. Eine diesbez\u00fcgliche Haftung ist jedoch erst ab dem Zeitpunkt der Kenntnis einer konkreten Rechtsverletzung m\u00f6glich. Bei Bekanntwerden von entsprechenden Rechtsverletzungen werden wir diese Inhalte umgehend entfernen.<\/span><\/p>\n<p><span style=\"color: #000080;\">Haftung f\u00fcr Links<\/span><br \/>\n<span style=\"color: #000080;\"> Die Praxis Dr. med. T\u00f6polt haftet nicht f\u00fcr die Inhalte anderer Seiten, die \u00fcber die Hyperlinks auf unserer Seite erreicht werden k\u00f6nnen.<\/span><br \/>\n<span style=\"color: #000080;\"> Wir distanzieren uns ausdr\u00fccklich von allen Inhalten verlinkter Seiten und machen uns diese keinesfalls zu eigen. Externe Inhalte wurden beim Setzen von Links auf Rechtswidrigkeit und Strafbarkeit gepr\u00fcft. Dennoch ist nicht auszuschlie\u00dfen, dass Inhalte von externen Seiten im Nachhinein ver\u00e4ndert werden. Die Praxis Dr. med. T\u00f6polt ist nicht verpflichtet, diese st\u00e4ndig zu pr\u00fcfen und lehnt daher jegliche Haftung ab. S\u00e4mtliche Verst\u00f6\u00dfe gegen geltendes Recht, Sitte oder Moral, welche uns bekannt werden, haben sofortige L\u00f6schung dieser Links zur Folge.<\/span><\/p>\n<p><span style=\"color: #000080;\">Urheberrecht<\/span><br \/>\n<span style=\"color: #000080;\"> Die durch die Seitenbetreiber erstellten Inhalte und Werke auf diesen Seiten unterliegen dem deutschen Urheberrecht.<\/span><br \/>\n<span style=\"color: #000080;\"> Die Vervielf\u00e4ltigung, Bearbeitung, Verbreitung und jede Art der Verwertung au\u00dferhalb der Grenzen des Urheberrechtes bed\u00fcrfen der schriftlichen Zustimmung des jeweiligen Autors bzw. Erstellers. Downloads und Kopien dieser Seite sind nur f\u00fcr den privaten, nicht kommerziellen Gebrauch gestattet. Soweit die Inhalte auf dieser Seite nicht vom Betreiber erstellt wurden, werden die Urheberrechte Dritter beachtet. Insbesondere werden Inhalte Dritter als solche gekennzeichnet. Sollten Sie trotzdem auf eine Urheberrechtsverletzung aufmerksam werden, bitten wir um einen entsprechenden Hinweis. Bei Bekanntwerden von Rechtsverletzungen werden wir derartige Inhalte umgehend entfernen.<\/span><\/p>\n<p><span style=\"color: #000080;\">Quellenangaben: Disclaimer eRecht24, Disclaimer eRecht24<\/span><\/p>\n<p><span style=\"color: #000080;\">Datenschutz<\/span><br \/>\n<span style=\"color: #000080;\"> Die Nutzung unserer Webseite ist in der Regel ohne Angabe personenbezogener Daten m\u00f6glich. Soweit auf unseren Seiten personenbezogene Daten (beispielsweise Name, Anschrift oder eMail-Adressen) erhoben werden, erfolgt dies, soweit m\u00f6glich, stets auf freiwilliger Basis. Diese Daten werden ohne Ihre ausdr\u00fcckliche Zustimmung nicht an Dritte weitergegeben. Wir weisen darauf hin, dass die Daten\u00fcbertragung im Internet (z.B. bei der Kommunikation per E-Mail) Sicherheitsl\u00fccken aufweisen kann. Ein l\u00fcckenloser Schutz der Daten vor dem Zugriff durch Dritte ist nicht m\u00f6glich. Der Nutzung von im Rahmen der Impressumspflicht ver\u00f6ffentlichten Kontaktdaten durch Dritte zur \u00dcbersendung von nicht ausdr\u00fccklich angeforderter Werbung und Informationsmaterialien wird hiermit ausdr\u00fccklich widersprochen. Die Betreiber der Seiten behalten sich ausdr\u00fccklich rechtliche Schritte im Falle der unverlangten Zusendung von Werbeinformationen, etwa durch Spam-Mails, vor.<\/span><\/p>\n","protected":false},"excerpt":{"rendered":"<p>Impressum Informationen gem\u00e4\u00df \u00a7 5 TMG Dr. med. Thomas T\u00f6polt Dr. med. Birgit T\u00f6polt Malterstra\u00dfe 45 01159 Dresden Telefon: 0351-4121464 Telefax: 0351-27293339 Gesetzliche Berufsbezeichnung: Arzt\/\u00c4rztin Berufsbezeichnung verliehen in der Bundesrepublik Deutschland Zust\u00e4ndige \u00c4rztekammer: \u00c4rztekammer Bezirksgesch\u00e4ftsstelle Dresden, Sch\u00fctzenh\u00f6he 12, 01099 Dresden Tel.: 0351-829050 Email: dresden@kvsachsen.de Zust\u00e4ndige Kassen\u00e4rztliche Vereinigung: Kassen\u00e4rztliche Vereinigung Sachsen www.kvs-sachsen.de Berufsrechtliche Regelungen: Die Berufsordnung &hellip; <a href=\"https:\/\/praxis-toepolt.de\/index.php\/impressum\/\" class=\"more-link\"><span class=\"screen-reader-text\">Impressum<\/span> weiterlesen<\/a><\/p>\n","protected":false},"author":1,"featured_media":0,"parent":0,"menu_order":0,"comment_status":"closed","ping_status":"closed","template":"","meta":[],"aioseo_notices":[],"_links":{"self":[{"href":"https:\/\/praxis-toepolt.de\/index.php\/wp-json\/wp\/v2\/pages\/43"}],"collection":[{"href":"https:\/\/praxis-toepolt.de\/index.php\/wp-json\/wp\/v2\/pages"}],"about":[{"href":"https:\/\/praxis-toepolt.de\/index.php\/wp-json\/wp\/v2\/types\/page"}],"author":[{"embeddable":true,"href":"https:\/\/praxis-toepolt.de\/index.php\/wp-json\/wp\/v2\/users\/1"}],"replies":[{"embeddable":true,"href":"https:\/\/praxis-toepolt.de\/index.php\/wp-json\/wp\/v2\/comments?post=43"}],"version-history":[{"count":8,"href":"https:\/\/praxis-toepolt.de\/index.php\/wp-json\/wp\/v2\/pages\/43\/revisions"}],"predecessor-version":[{"id":158,"href":"https:\/\/praxis-toepolt.de\/index.php\/wp-json\/wp\/v2\/pages\/43\/revisions\/158"}],"wp:attachment":[{"href":"https:\/\/praxis-toepolt.de\/index.php\/wp-json\/wp\/v2\/media?parent=43"}],"curies":[{"name":"wp","href":"https:\/\/api.w.org\/{rel}","templated":true}]}}