{"id":72,"date":"2018-05-11T09:06:23","date_gmt":"2018-05-11T09:06:23","guid":{"rendered":"https:\/\/praxis-toepolt.de\/?page_id=72"},"modified":"2018-06-01T05:19:26","modified_gmt":"2018-06-01T05:19:26","slug":"startseite","status":"publish","type":"page","link":"https:\/\/praxis-toepolt.de\/","title":{"rendered":"Dres. med. T\u00f6polt"},"content":{"rendered":"<p><strong><span style=\"color: #000080;\">Herzlich Willkommen auf der Homepage unserer internistischen Hausarztpraxis!<\/span><\/strong><\/p>\n<p><span style=\"color: #000080;\"><strong>Dr. med. Birgit T\u00f6polt<\/strong><\/span><br \/>\n<span style=\"color: #000080; padding-left: 30px;\">(Fach\u00e4rztin f\u00fcr Innere Medizin, Naturheilverfahren,<\/span><br \/>\n<span style=\"color: #000080; padding-left: 30px;\">haus\u00e4rztliche Versorgung)<\/span><\/p>\n<p><span style=\"color: #000080;\"><strong>Dr. med. Thomas T\u00f6polt\u00a0<\/strong><\/span><br \/>\n<span style=\"color: #000080; padding-left: 30px;\">(Facharzt f\u00fcr Innere Medizin, Kardiologie,<\/span><br \/>\n<span style=\"color: #000080; padding-left: 30px;\">haus\u00e4rztliche Versorgung)<\/span><\/p>\n<p style=\"text-align: left;\"><span style=\"color: #000080;\"><strong>Malterstra\u00dfe 45 |\u00a001159 Dresden<\/strong><\/span><\/p>\n<p style=\"text-align: left;\"><span style=\"color: #000080;\"><strong>Telefon 0351 \/ 4121464\u00a0| Fax 0351 \/ 27293339<\/strong><\/span><\/p>\n","protected":false},"excerpt":{"rendered":"<p>Herzlich Willkommen auf der Homepage unserer internistischen Hausarztpraxis! Dr. med. Birgit T\u00f6polt (Fach\u00e4rztin f\u00fcr Innere Medizin, Naturheilverfahren, haus\u00e4rztliche Versorgung) Dr. med. Thomas T\u00f6polt\u00a0 (Facharzt f\u00fcr Innere Medizin, Kardiologie, haus\u00e4rztliche Versorgung) Malterstra\u00dfe 45 |\u00a001159 Dresden Telefon 0351 \/ 4121464\u00a0| Fax 0351 \/ 27293339<\/p>\n","protected":false},"author":1,"featured_media":0,"parent":0,"menu_order":0,"comment_status":"closed","ping_status":"closed","template":"","meta":[],"aioseo_notices":[],"_links":{"self":[{"href":"https:\/\/praxis-toepolt.de\/index.php\/wp-json\/wp\/v2\/pages\/72"}],"collection":[{"href":"https:\/\/praxis-toepolt.de\/index.php\/wp-json\/wp\/v2\/pages"}],"about":[{"href":"https:\/\/praxis-toepolt.de\/index.php\/wp-json\/wp\/v2\/types\/page"}],"author":[{"embeddable":true,"href":"https:\/\/praxis-toepolt.de\/index.php\/wp-json\/wp\/v2\/users\/1"}],"replies":[{"embeddable":true,"href":"https:\/\/praxis-toepolt.de\/index.php\/wp-json\/wp\/v2\/comments?post=72"}],"version-history":[{"count":33,"href":"https:\/\/praxis-toepolt.de\/index.php\/wp-json\/wp\/v2\/pages\/72\/revisions"}],"predecessor-version":[{"id":155,"href":"https:\/\/praxis-toepolt.de\/index.php\/wp-json\/wp\/v2\/pages\/72\/revisions\/155"}],"wp:attachment":[{"href":"https:\/\/praxis-toepolt.de\/index.php\/wp-json\/wp\/v2\/media?parent=72"}],"curies":[{"name":"wp","href":"https:\/\/api.w.org\/{rel}","templated":true}]}}